{"id":1483,"date":"2020-12-05T00:32:05","date_gmt":"2020-12-04T23:32:05","guid":{"rendered":"http:\/\/mikisi.fr\/?page_id=1483"},"modified":"2020-12-05T00:32:05","modified_gmt":"2020-12-04T23:32:05","slug":"formations","status":"publish","type":"page","link":"https:\/\/mikisi.fr\/index.php\/formations\/","title":{"rendered":"Formations"},"content":{"rendered":"\n<p>Vous pouvez me retrouver pour des formations en ost\u00e9opathie \u00e0 :<\/p>\n\n\n\n<p>Bretagne ost\u00e9opathie : <a rel=\"noreferrer noopener\" href=\"https:\/\/www.bretagne-osteopathie.com\/\" target=\"_blank\">https:\/\/www.bretagne-osteopathie.com\/<\/a><\/p>\n\n\n\n<p>G\u00e9pro : <a href=\"https:\/\/gepro.ch\/\" target=\"_blank\" rel=\"noreferrer noopener\">https:\/\/gepro.ch\/<\/a><\/p>\n","protected":false},"excerpt":{"rendered":"<p>Vous pouvez me retrouver pour des formations en ost\u00e9opathie \u00e0 : Bretagne ost\u00e9opathie : https:\/\/www.bretagne-osteopathie.com\/ G\u00e9pro : https:\/\/gepro.ch\/<\/p>\n","protected":false},"author":1,"featured_media":0,"parent":0,"menu_order":0,"comment_status":"closed","ping_status":"closed","template":"","meta":{"footnotes":""},"class_list":["post-1483","page","type-page","status-publish","hentry"],"_links":{"self":[{"href":"https:\/\/mikisi.fr\/index.php\/wp-json\/wp\/v2\/pages\/1483","targetHints":{"allow":["GET"]}}],"collection":[{"href":"https:\/\/mikisi.fr\/index.php\/wp-json\/wp\/v2\/pages"}],"about":[{"href":"https:\/\/mikisi.fr\/index.php\/wp-json\/wp\/v2\/types\/page"}],"author":[{"embeddable":true,"href":"https:\/\/mikisi.fr\/index.php\/wp-json\/wp\/v2\/users\/1"}],"replies":[{"embeddable":true,"href":"https:\/\/mikisi.fr\/index.php\/wp-json\/wp\/v2\/comments?post=1483"}],"version-history":[{"count":1,"href":"https:\/\/mikisi.fr\/index.php\/wp-json\/wp\/v2\/pages\/1483\/revisions"}],"predecessor-version":[{"id":1484,"href":"https:\/\/mikisi.fr\/index.php\/wp-json\/wp\/v2\/pages\/1483\/revisions\/1484"}],"wp:attachment":[{"href":"https:\/\/mikisi.fr\/index.php\/wp-json\/wp\/v2\/media?parent=1483"}],"curies":[{"name":"wp","href":"https:\/\/api.w.org\/{rel}","templated":true}]}}